{"id":8161,"date":"2025-11-06T17:26:31","date_gmt":"2025-11-06T16:26:31","guid":{"rendered":"https:\/\/lapageoriginal.com\/wp\/contactar\/"},"modified":"2026-01-20T17:21:10","modified_gmt":"2026-01-20T16:21:10","slug":"contactar","status":"publish","type":"page","link":"https:\/\/lapageoriginal.com\/es\/contactar\/","title":{"rendered":"Contactar"},"content":{"rendered":"\n<h2 class=\"wp-block-heading\">D\u00f3nde estamos<\/h2>\n\n\n\n<p>Santa Anna, 16. 08911 Badalona<\/p>\n\n\n\n<figure class=\"wp-block-image\"><a href=\"https:\/\/lapageoriginal.com\/wp\/wp-content\/uploads\/2015\/01\/la-page-TP1.jpg\" data-lbwps-width=\"200\" data-lbwps-height=\"31\" data-lbwps-srcsmall=\"https:\/\/lapageoriginal.com\/wp\/wp-content\/uploads\/2015\/01\/la-page-TP1.jpg\"><img loading=\"lazy\" decoding=\"async\" width=\"200\" height=\"31\" src=\"https:\/\/lapageoriginal.com\/wp\/wp-content\/uploads\/2015\/01\/la-page-TP1.jpg\" alt=\"la_page_TP\" class=\"wp-image-3836\"\/><\/a><\/figure>\n\n\n\n<p>A 3 minutos de la estaci\u00f3n de tren de Cercan\u00edas Badalona y a 10 minutos de la estaci\u00f3n de metro Badalona Pompeu Fabra.<\/p>\n\n\n\n<h2 class=\"wp-block-heading\">Contacto<\/h2>\n\n\n\n<p><a href=\"mailto:estudio@lapageoriginal.com\">estudio@lapageoriginal.com<\/a><\/p>\n\n\n\n<p>Tel <a href=\"tel: +34 93 389 47 59\">93 389 47 59<\/a><\/p>\n\n\n\n<h3 class=\"wp-block-heading\">Formulario de contacto<\/h3>\n\n\n\n<div class=\"wp-block-contact-form-7-contact-form-selector\">\n<div class=\"wpcf7 no-js\" id=\"wpcf7-f8164-o1\" lang=\"es-ES\" dir=\"ltr\" data-wpcf7-id=\"8164\">\n<div class=\"screen-reader-response\"><p role=\"status\" aria-live=\"polite\" aria-atomic=\"true\"><\/p> <ul><\/ul><\/div>\n<form action=\"\/es\/wp-json\/wp\/v2\/pages\/8161#wpcf7-f8164-o1\" method=\"post\" class=\"wpcf7-form init\" aria-label=\"Formulario de contacto\" novalidate=\"novalidate\" data-status=\"init\">\n<fieldset class=\"hidden-fields-container\"><input type=\"hidden\" name=\"_wpcf7\" value=\"8164\" \/><input type=\"hidden\" name=\"_wpcf7_version\" value=\"6.1.5\" \/><input type=\"hidden\" name=\"_wpcf7_locale\" value=\"es_ES\" \/><input type=\"hidden\" name=\"_wpcf7_unit_tag\" value=\"wpcf7-f8164-o1\" \/><input type=\"hidden\" name=\"_wpcf7_container_post\" value=\"0\" \/><input type=\"hidden\" name=\"_wpcf7_posted_data_hash\" value=\"\" \/>\n<\/fieldset>\n<div class=\"wpcf7-turnstile cf-turnstile\" data-sitekey=\"0x4AAAAAACItkswo2q-r6mJG\" data-response-field-name=\"_wpcf7_turnstile_response\"><\/div>\n\n<p><label>Introduzca el nombre:<\/label><span class=\"wpcf7-form-control-wrap\" data-name=\"your-name\"><input size=\"40\" maxlength=\"400\" class=\"wpcf7-form-control wpcf7-text wpcf7-validates-as-required\" aria-required=\"true\" aria-invalid=\"false\" value=\"\" type=\"text\" name=\"your-name\" \/><\/span> <\/p>\n\n<p><label>Direcci\u00f3n electr\u00f3nica: <\/label><span class=\"wpcf7-form-control-wrap\" data-name=\"your-email\"><input size=\"40\" maxlength=\"400\" class=\"wpcf7-form-control wpcf7-email wpcf7-validates-as-required wpcf7-text wpcf7-validates-as-email\" aria-required=\"true\" aria-invalid=\"false\" value=\"\" type=\"email\" name=\"your-email\" \/><\/span> <\/p>\n\n<p><label>Asunto del mensaje: <\/label><span class=\"wpcf7-form-control-wrap\" data-name=\"your-subject\"><input size=\"40\" maxlength=\"400\" class=\"wpcf7-form-control wpcf7-text\" aria-invalid=\"false\" value=\"\" type=\"text\" name=\"your-subject\" \/><\/span> <\/p>\n\n<p><label>Escriba su mensaje: <\/label><span class=\"wpcf7-form-control-wrap\" data-name=\"your-message\"><textarea cols=\"40\" rows=\"10\" maxlength=\"2000\" class=\"wpcf7-form-control wpcf7-textarea\" aria-invalid=\"false\" name=\"your-message\"><\/textarea><\/span> <\/p>\n<div id=\"cf7sr-69dea3f1d5b20\" class=\"cf7sr-g-recaptcha\" data-theme=\"light\" data-type=\"image\" data-size=\"normal\" data-sitekey=\"6LdzVp0UAAAAAAHbCGOEwy1IP8oZEHxtM5ydJcjW\"><\/div><span class=\"wpcf7-form-control-wrap cf7sr-recaptcha\" data-name=\"cf7sr-recaptcha\"><input type=\"hidden\" name=\"cf7sr-recaptcha\" value=\"\" class=\"wpcf7-form-control\"><\/span> \n<p><input class=\"wpcf7-form-control wpcf7-submit has-spinner\" type=\"submit\" value=\"Enviar\" \/><\/p><p style=\"display: none !important;\" class=\"akismet-fields-container\" data-prefix=\"_wpcf7_ak_\"><label>&#916;<textarea name=\"_wpcf7_ak_hp_textarea\" cols=\"45\" rows=\"8\" maxlength=\"100\"><\/textarea><\/label><input type=\"hidden\" id=\"ak_js_1\" name=\"_wpcf7_ak_js\" value=\"105\"\/><script>document.getElementById( \"ak_js_1\" ).setAttribute( \"value\", ( new Date() ).getTime() );<\/script><\/p><div class=\"wpcf7-response-output\" aria-hidden=\"true\"><\/div>\n<\/form>\n<\/div>\n<\/div>\n","protected":false},"excerpt":{"rendered":"<p>D\u00f3nde estamos Santa Anna, 16. 08911 Badalona A 3 minutos de la estaci\u00f3n de tren de Cercan\u00edas Badalona y a 10 minutos de la estaci\u00f3n de metro Badalona Pompeu Fabra. Contacto estudio@lapageoriginal.com Tel 93 389 47 59 Formulario de contacto<\/p>\n","protected":false},"author":16,"featured_media":0,"parent":0,"menu_order":0,"comment_status":"closed","ping_status":"closed","template":"","meta":{"footnotes":""},"class_list":["post-8161","page","type-page","status-publish","hentry"],"_links":{"self":[{"href":"https:\/\/lapageoriginal.com\/es\/wp-json\/wp\/v2\/pages\/8161","targetHints":{"allow":["GET"]}}],"collection":[{"href":"https:\/\/lapageoriginal.com\/es\/wp-json\/wp\/v2\/pages"}],"about":[{"href":"https:\/\/lapageoriginal.com\/es\/wp-json\/wp\/v2\/types\/page"}],"author":[{"embeddable":true,"href":"https:\/\/lapageoriginal.com\/es\/wp-json\/wp\/v2\/users\/16"}],"replies":[{"embeddable":true,"href":"https:\/\/lapageoriginal.com\/es\/wp-json\/wp\/v2\/comments?post=8161"}],"version-history":[{"count":8,"href":"https:\/\/lapageoriginal.com\/es\/wp-json\/wp\/v2\/pages\/8161\/revisions"}],"predecessor-version":[{"id":8217,"href":"https:\/\/lapageoriginal.com\/es\/wp-json\/wp\/v2\/pages\/8161\/revisions\/8217"}],"wp:attachment":[{"href":"https:\/\/lapageoriginal.com\/es\/wp-json\/wp\/v2\/media?parent=8161"}],"curies":[{"name":"wp","href":"https:\/\/api.w.org\/{rel}","templated":true}]}}