{"id":582,"date":"2014-03-27T17:01:28","date_gmt":"2014-03-27T16:01:28","guid":{"rendered":"https:\/\/lapageoriginal.com\/wp\/?page_id=582"},"modified":"2014-03-27T17:01:28","modified_gmt":"2014-03-27T16:01:28","slug":"premios-y-menciones","status":"publish","type":"page","link":"https:\/\/lapageoriginal.com\/es\/premios-y-menciones\/","title":{"rendered":"Premios y menciones"},"content":{"rendered":"<p><strong><a href=\"https:\/\/lapageoriginal.com\/wp\/wp-content\/uploads\/2014\/03\/La_page_premis1.jpg\"><img decoding=\"async\" class=\"alignnone size-full wp-image-583\" alt=\"La_page_premis\" src=\"https:\/\/lapageoriginal.com\/wp\/wp-content\/uploads\/2014\/03\/La_page_premis1.jpg\" \/><\/a><\/strong><\/p>\n<p>&nbsp;<\/p>\n<p><strong>Premios<\/strong><\/p>\n<p>Premio Laus (1993 ) para un cat\u00e1logo de moda para Yerse . Foto: Biel Capllonch<br \/>\nPremio Anuaria (1997 ) al mejor trabajo de miscel\u00e1nea para \u00bb El equilibrista \u00bb<br \/>\nPremio Anuaria (1998 ) , al mejor trabajo de miscel\u00e1nea para \u00bb El Incre\u00edble hombre- bala\u00bb .<br \/>\nFinalistas en el concurso para la Marca Internacional del Corcho. Asociaci\u00f3n Central da Agricultura Portuguesa . (1999 )<br \/>\nFinalistas en el concurso por el logotipo del Auditorio de Tenerife . (2000 )<br \/>\nPremio Anuaria (2000) para la campa\u00f1a del Club Joventut Badalona \u00abLa fuerza eres t\u00fa \u00bb .<br \/>\nPremio Anuaria (2002 ) por el Proyecto de Se\u00f1al\u00e9tica de Restaurantes McDonalds y por la web de La Page .<br \/>\nPremio al Mejor Libro Impreso ( 2005) del Gremio de Impresores de Catalu\u00f1a. Por el libro publicitario de la empresa CLARIANT .<br \/>\nSelecci\u00f3n ANUARIA por la mejor campa\u00f1a de inter\u00e9s social : \u00bb el civismo , la recogida selectiva de residuos y la limpieza viaria \u00bb , del ayuntamiento de Badalona<br \/>\nPremio al mejor Display y al mejor cat\u00e1logo ( 2006) del Gremio de impresores de Catalu\u00f1a. Cliente: Selvatgi<br \/>\nSelecci\u00f3n ANUARIA por la mejor campa\u00f1a de inter\u00e9s social 2010: Navidad en los museos. ICUB , Ayuntamiento de Barcelona .<br \/>\nSelecci\u00f3n ANUARIA por la mejor campa\u00f1a de inter\u00e9s social 2010: Programaci\u00f3n Teatro Zorrilla . Badalona cultura<\/p>\n<p><strong>Apariciones en libros y publicaciones especializadas<\/strong><\/p>\n<p>BCD Selection 1997-1998. Barcelona Centro de Dise\u00f1o<br \/>\nBCD Selection 1999-2000. Barcelona Centro de Dise\u00f1o<br \/>\nEdici\u00f3ns DISE\u00d1O EDITORIAL . \u00cdndice Book .<br \/>\nM\u00c1S QUE DISE\u00d1O . Suplemento especial del diario El Mundo , mayo 2004 .<br \/>\nMUTE . \u00cdndice Book . 2005<br \/>\nSELECT C. \u00cdndice Book . 2005<br \/>\nGU\u00cdA DEL DISE\u00d1O ESPA\u00d1OL 2000, 2002 , 2006, 2009, 2011. Revista Experimenta .<\/p>\n<p><strong>Exposiciones<\/strong><\/p>\n<p>128 miradas. Dise\u00f1o Gr\u00e1fico Espa\u00f1ol ( 2.005-2012 ) . Una retrospectiva itinerante del mejor dise\u00f1o gr\u00e1fico nacional.<\/p>\n","protected":false},"excerpt":{"rendered":"<p>&nbsp; Premios Premio Laus (1993 ) para un cat\u00e1logo de moda para Yerse . Foto: Biel Capllonch Premio Anuaria (1997 ) al mejor trabajo de miscel\u00e1nea para \u00bb El equilibrista \u00bb Premio Anuaria (1998 ) , al mejor trabajo de miscel\u00e1nea para \u00bb El Incre\u00edble hombre- bala\u00bb . Finalistas en el concurso para la Marca [&hellip;]<\/p>\n","protected":false},"author":3,"featured_media":386,"parent":0,"menu_order":0,"comment_status":"closed","ping_status":"closed","template":"","meta":{"footnotes":""},"class_list":["post-582","page","type-page","status-publish","has-post-thumbnail","hentry"],"_links":{"self":[{"href":"https:\/\/lapageoriginal.com\/es\/wp-json\/wp\/v2\/pages\/582","targetHints":{"allow":["GET"]}}],"collection":[{"href":"https:\/\/lapageoriginal.com\/es\/wp-json\/wp\/v2\/pages"}],"about":[{"href":"https:\/\/lapageoriginal.com\/es\/wp-json\/wp\/v2\/types\/page"}],"author":[{"embeddable":true,"href":"https:\/\/lapageoriginal.com\/es\/wp-json\/wp\/v2\/users\/3"}],"replies":[{"embeddable":true,"href":"https:\/\/lapageoriginal.com\/es\/wp-json\/wp\/v2\/comments?post=582"}],"version-history":[{"count":1,"href":"https:\/\/lapageoriginal.com\/es\/wp-json\/wp\/v2\/pages\/582\/revisions"}],"predecessor-version":[{"id":584,"href":"https:\/\/lapageoriginal.com\/es\/wp-json\/wp\/v2\/pages\/582\/revisions\/584"}],"wp:featuredmedia":[{"embeddable":true,"href":"https:\/\/lapageoriginal.com\/es\/wp-json\/wp\/v2\/media\/386"}],"wp:attachment":[{"href":"https:\/\/lapageoriginal.com\/es\/wp-json\/wp\/v2\/media?parent=582"}],"curies":[{"name":"wp","href":"https:\/\/api.w.org\/{rel}","templated":true}]}}